{"id":6862,"date":"2026-01-27T15:53:48","date_gmt":"2026-01-27T14:53:48","guid":{"rendered":"https:\/\/www.helios-performance.com\/?page_id=6862"},"modified":"2026-01-27T16:07:22","modified_gmt":"2026-01-27T15:07:22","slug":"agb","status":"publish","type":"page","link":"https:\/\/www.helios-performance.com\/?page_id=6862","title":{"rendered":"AGB"},"content":{"rendered":"\t\t<div data-elementor-type=\"wp-page\" data-elementor-id=\"6862\" class=\"elementor elementor-6862\">\n\t\t\t\t<div class=\"elementor-element elementor-element-4b12811 e-flex e-con-boxed e-con e-parent\" data-id=\"4b12811\" data-element_type=\"container\">\n\t\t\t\t\t<div class=\"e-con-inner\">\n\t\t\t\t<div class=\"elementor-element elementor-element-0a52853 elementor-widget-divider--view-line elementor-widget elementor-widget-divider\" data-id=\"0a52853\" data-element_type=\"widget\" data-widget_type=\"divider.default\">\n\t\t\t\t\t\t\t<div class=\"elementor-divider\">\n\t\t\t<span class=\"elementor-divider-separator\">\n\t\t\t\t\t\t<\/span>\n\t\t<\/div>\n\t\t\t\t\t\t<\/div>\n\t\t\t\t\t<\/div>\n\t\t\t\t<\/div>\n\t\t<div class=\"elementor-element elementor-element-9ecd4bf e-flex e-con-boxed e-con e-parent\" data-id=\"9ecd4bf\" data-element_type=\"container\">\n\t\t\t\t\t<div class=\"e-con-inner\">\n\t\t\t\t<div class=\"elementor-element elementor-element-d4377bc elementor-widget elementor-widget-heading\" data-id=\"d4377bc\" data-element_type=\"widget\" data-widget_type=\"heading.default\">\n\t\t\t\t\t<h2 class=\"elementor-heading-title elementor-size-default\">Allgemeine Gesch\u00e4ftsbedingungen (AGB) der Helios Performance GmbH<\/h2>\t\t\t\t<\/div>\n\t\t\t\t\t<\/div>\n\t\t\t\t<\/div>\n\t\t<div class=\"elementor-element elementor-element-c32c03d e-flex e-con-boxed e-con e-parent\" data-id=\"c32c03d\" data-element_type=\"container\">\n\t\t\t\t\t<div class=\"e-con-inner\">\n\t\t\t\t<div class=\"elementor-element elementor-element-a81aa03 elementor-widget-divider--view-line elementor-widget elementor-widget-divider\" data-id=\"a81aa03\" data-element_type=\"widget\" data-widget_type=\"divider.default\">\n\t\t\t\t\t\t\t<div class=\"elementor-divider\">\n\t\t\t<span class=\"elementor-divider-separator\">\n\t\t\t\t\t\t<\/span>\n\t\t<\/div>\n\t\t\t\t\t\t<\/div>\n\t\t\t\t\t<\/div>\n\t\t\t\t<\/div>\n\t\t<div class=\"elementor-element elementor-element-7d59e52 e-flex e-con-boxed e-con e-parent\" data-id=\"7d59e52\" data-element_type=\"container\">\n\t\t\t\t\t<div class=\"e-con-inner\">\n\t\t\t\t<div class=\"elementor-element elementor-element-aff26b4 elementor-widget elementor-widget-text-editor\" data-id=\"aff26b4\" data-element_type=\"widget\" data-widget_type=\"text-editor.default\">\n\t\t\t\t\t\t\t\t\t<p>Allgemeine Gesch\u00e4ftsbedingungen (<strong>AGB<\/strong>) der <strong>Helios Performance GmbH<\/strong><\/p><ol><li><strong>Allgemeines<\/strong><\/li><li><strong>Angebot, Bestellung, Auftragsbest\u00e4tigung<\/strong><\/li><li><strong>Produkte\/Masse\/Qualit\u00e4t<\/strong><\/li><li><strong>Preise<\/strong><\/li><li><strong>Lieferbedingungen<\/strong><\/li><li><strong>Lieferfrist<\/strong><\/li><li><strong>Gew\u00e4hrleistungs- und Garantievoraussetzungen<\/strong><\/li><li><strong>Schadenersatzanspr\u00fcche<\/strong><\/li><li><strong>Produkthaftpflicht<\/strong><\/li><li><strong>Eigentumsvorbehalt<\/strong><\/li><li><strong>Zahlungsmodalit\u00e4ten<\/strong><\/li><li><strong>Immaterialg\u00fcter<\/strong><\/li><li><strong>H\u00f6here Gewalt, Nutzen und Gefahr<\/strong><\/li><li><strong>\u00c4nderungen<\/strong><\/li><li><strong>Verbindlicher Originaltext<\/strong><\/li><li><strong>Erf\u00fcllungsort<\/strong><\/li><li><strong>Gerichtsstand, anwendbares Recht<\/strong><\/li><\/ol>\t\t\t\t\t\t\t\t<\/div>\n\t\t\t\t\t<\/div>\n\t\t\t\t<\/div>\n\t\t<div class=\"elementor-element elementor-element-0baffb0 e-flex e-con-boxed e-con e-parent\" data-id=\"0baffb0\" data-element_type=\"container\">\n\t\t\t\t\t<div class=\"e-con-inner\">\n\t\t\t\t<div class=\"elementor-element elementor-element-9608fe1 elementor-widget elementor-widget-text-editor\" data-id=\"9608fe1\" data-element_type=\"widget\" data-widget_type=\"text-editor.default\">\n\t\t\t\t\t\t\t\t\t<p><strong>1. Allgemeines<\/strong><\/p><p>Die nachstehenden Allgemeinen Gesch\u00e4ftsbedingungen (AGB) gelten f\u00fcr alle Gesch\u00e4ftsbeziehungen mit der Helios Performance GmbH, nachfolgend HELIOS genannt. Diese Bedingungen sind integraler Bestandteil aller Lieferungen seitens HELIOS. Abweichungen von diesen Bedingungen haben nur G\u00fcltigkeit, soweit HELIOS diese ausdr\u00fccklich und schriftlich akzeptiert.<\/p><p><strong>2. Angebot, Bestellung, Auftragsbest\u00e4tigung<\/strong><\/p><p>Die Angebote von HELIOS sind freibleibend. Dies gilt insbesondere auch bez\u00fcglich Preisen, Mengen, Lieferfristen und Lieferm\u00f6glichkeiten. Angebote gelten f\u00fcr einen Zeitraum von 12 Wochen, sofern zwischen den Parteien nicht schriftlich eine andere Laufzeit vereinbart wird. Der Besteller ist an seinen Auftrag gebunden. HELIOS ist erst nach schriftlicher Auftragsannahme daran gebunden.<\/p><p><strong>3. Produkte\/Masse\/Qualit\u00e4t<\/strong><\/p><p>Ohne spezielle schriftliche Vereinbarung liefert HELIOS die Produkte und Materialien in handels\u00fcblicher Qualit\u00e4t und innerhalb der Werkstoleranzen. HELIOS pr\u00fcft nicht die Eignung der vertriebenen Produkte und Materialien f\u00fcr den Verwendungszweck des Bestellers. Der Besteller erkl\u00e4rt, hinreichende Kenntnisse \u00fcber die Produkte von HELIOS und \u00fcber deren Handhabung zu besitzen. Abbildungen, Ma\u00dfangaben, Gewichte sowie alle anderen technischen Angaben in Prospekten, allgemeinen Unterlagen und dergleichen sind unverbindlich. Es gelten ausschlie\u00dflich die Angaben in der Auftragsbest\u00e4tigung.<\/p><p><strong>4. Preise<\/strong><\/p><p><br \/>Die Preise verstehen sich ab Werk ohne Mehrwert- und sonstige Steuern, Z\u00f6lle oder sonstige Abgaben sowie ohne Verpackungs- und Transportkosten. Es gelten die Preise gem\u00e4\u00df schriftlicher Auftragsbest\u00e4tigung. Die jeweils g\u00fcltige Mehrwertsteuer wird gesondert ausgewiesen und hinzugerechnet. Au\u00dferdem ist HELIOS berechtigt, eine angemessene Preisanpassung zu verlangen, wenn nach Vertragsabschluss Umst\u00e4nde eintreten, die Kosten bei HELIOS erh\u00f6hen, insbesondere durch Verteuerung von Rohstoffen oder Handelswaren sowie Steigerung von Lohn- , Energiekosten etc. (sog. clausula rebus sic stantibus) und zwischen Vertragsabschluss und Lieferzeitpunkt mehr als 4 Monate liegen.<\/p><p>F\u00fcr den Fall, dass der Besteller die Anwendung des Nullsteuersatzes gem\u00e4\u00df \u00a7 28 Abs. 62 UStG 1994 (\u00d6sterreich) oder gem\u00e4\u00df \u00a7 12 Abs. 3 UStG (Deutschland) in Anspruch nehmen m\u00f6chte, best\u00e4tigt er HELIOS mit seiner Auftragserteilung, dass die Tatbestandsvoraussetzungen zur Anwendung des Nullsteuersatzes erf\u00fcllt sind. Der Besteller betreibt die Photovoltaikanlage selbst, die Engpassleistung betr\u00e4gt nicht mehr als 35 kW (peak) und es handelt sich um ein beg\u00fcnstigtes Geb\u00e4ude. Beg\u00fcnstigte Geb\u00e4ude sind beispielsweise jene, die Wohnzwecken dienen, oder die von K\u00f6rperschaften \u00f6ffentlichen Rechts genutzt werden oder die von K\u00f6rperschaften, Personenvereinigungen und Verm\u00f6gensmassen, die gemeinn\u00fctzigen, mildt\u00e4tigen oder kirchlichen Zwecken dienen, genutzt werden. Es wurde keine F\u00f6rderung \u00fcber das EAG umgesetzt (bzw. besteht kein offenes F\u00f6rderansuchen).\u201c<\/p><p>Im Falle einer Stornierung und\/oder \u00c4nderung des angenommenen Auftrags durch den Besteller ist HELIOS berechtigt, dem Besteller die Kosten f\u00fcr die Auftragsrealisierung in Rechnung zu stellen.<\/p><p><strong>5. Lieferbedingungen<\/strong><\/p><p><br \/>Sofern nichts anderes schriftlich vereinbart wurde, gelten die Lieferbedingungen ExWorks (INCOTERMS 2020) Dreistetten, Austria<\/p><p><strong>6. Lieferfrist<\/strong><\/p><p><br \/>Die angegebenen Lieferfristen sind als ann\u00e4hernd zu betrachten und verstehen sich vom Datum des Zahlungseinganges. Ist f\u00fcr HELIOS absehbar, dass die Lieferung nicht innerhalb des angegebenen Zeitraums erfolgen kann, wird HELIOS den Besteller unverz\u00fcglich schriftlich, per E-Mail informieren, die Gr\u00fcnde mitteilen und nach M\u00f6glichkeit den voraussichtlichen neuen Liefertermin angeben. Entsch\u00e4digungsanspr\u00fcche wegen versp\u00e4teter Lieferung sind ausgeschlossen. Auch im Falle einer versp\u00e4teten Lieferung ist der Besteller verpflichtet, die Ware abzunehmen, sofern er nicht vorher eine angemessene Nachlieferfrist von wenigstens 15 Arbeitstagen angesetzt und nach deren Ablauf auf die Lieferung verzichtet hat. Rohmaterialmangel, Betriebsst\u00f6rungen, F\u00e4lle sonstiger h\u00f6herer Gewalt und Gr\u00fcnde au\u00dferhalb des Einflussbereichs von HELIOS (z.B. Einfuhrschwierigkeiten, Verzug von Drittlieferanten) entbinden f\u00fcr die Dauer der Behinderungen und deren Folgen von den eingegangenen Lieferverpflichtungen, ohne dass dem betreffenden Besteller ein Schadenersatz zusteht. Falls der Besteller mit der Annahme der Produkte in Verzug ist, ist HELIOS berechtigt, Lagerkosten in H\u00f6he von 5 EUR pro Palette f\u00fcr jeden Tag des Verzugs ab dem 5. Arbeitstag nach dem Versandbereitstellungsdatum, in Rechnung zu stellen.<\/p><p><strong>7. Gew\u00e4hrleistungs- und Garantievoraussetzungen<\/strong><\/p><p><br \/>Die Gew\u00e4hrleistungsfrist betr\u00e4gt 24 Monate, soweit nicht f\u00fcr einzelne Liefergegenst\u00e4nde besondere Gew\u00e4hrleistungsfristen vereinbart sind. Der Lauf der Gew\u00e4hrleistungsfrist beginnt mit dem Zeitpunkt des Gefahren\u00fcbergangs. Zus\u00e4tzlich zu den gesetzlichen Gew\u00e4hrleistungsanspr\u00fcchen bietet HELIOS erweiterte, produktabh\u00e4ngige Garantiebedingungen.<\/p><p><strong>8. Schadenersatzanspr\u00fcche<\/strong><\/p><p><br \/>F\u00fcr Schadenersatzanspr\u00fcche haftet HELIOS nur, wenn der Schaden seitens HELIOS vors\u00e4tzlich oder grobfahrl\u00e4ssig verursacht wurde. Dies gilt auch f\u00fcr jedes Organisationsverschulden. Die Haftung f\u00fcr M\u00e4ngelfolgesch\u00e4den aller Art wird im gesetzlich zul\u00e4ssigen Umfang ausgeschlossen. Diese gilt insbesondere f\u00fcr indirekte Sch\u00e4den und entgangenen Gewinn.<\/p><p><strong>9. Produkthaftpflicht<\/strong><\/p><p><br \/>Alle Anspr\u00fcche aus Produkthaftpflicht werden ausgeschlossen, sofern dies nach geltendem Recht zul\u00e4ssig ist und nichts Anderes schriftlich vereinbart wurde.<\/p><p><strong>10. Eigentumsvorbehalt<\/strong><\/p><p><br \/>Die Ware bleibt im Eigentum von HELIOS bis zur vollst\u00e4ndigen Bezahlung s\u00e4mtlicher, auch k\u00fcnftig entstehender Forderungen. Zahlungsverzug berechtigt HELIOS, vom Vertrag zur\u00fcckzutreten und die Herausgabe gelieferter Ware zu verlangen. Der Besteller verpflichtet sich gleichzeitig zur Herausgabe dieser. Bei Pf\u00e4ndungen oder sonstigen Eingriffen Dritter ist der Besteller verpflichtet, HELIOS unverz\u00fcglich davon in Kenntnis zu setzen. Im \u00dcbrigen tritt der Besteller alle bestehenden und zuk\u00fcnftigen Forderungen aus dem Weiterverkauf der Vorbehaltswaren an HELIOS ab. Der Besteller hat HELIOS von den entsprechenden Forderungsverh\u00e4ltnissen zeitgerecht in Kenntnis zu setzen. HELIOS ist jederzeit zur Anzeige der Abtretung (Notifikation) berechtigt.<\/p><p><strong>11. Zahlungsmodalit\u00e4ten<\/strong><\/p><p><br \/>Sofern von den Parteien nichts anders vereinbart wurde, ist 100% Vorauszahlung zu leisten. HELIOS beginnt mit der Umsetzung des Auftrags, nachdem der volle Betrag auf das HELIOS Konto gutgeschrieben wurde. Falls andere Zahlungsbedingungen zwischen den Parteien vereinbart wurden und es zu einem Zahlungsverzug kommt, ist HELIOS berechtigt, ein P\u00f6nale in H\u00f6he von 12% p.a. in Rechnung zu stellen.<\/p><p><strong>12. Immaterialg\u00fcter<\/strong><\/p><p><br \/>Alle Informationen, einschlie\u00dflich, aber nicht beschr\u00e4nkt auf Zeichnungen, technische Dokumente, die sich auf Produkte und L\u00f6sungen beziehen, bleiben das alleinige Eigentum von HELIOS.<\/p><p><strong>13. H\u00f6here Gewalt, Nutzen und Gefahr<\/strong><\/p><p><br \/>HELIOS haftet nicht bei h\u00f6herer Gewalt wie z.B. bei kriegerischen Ereignissen, Naturkatastrophen, Boykott, Streik, Betriebsst\u00f6rungen, Fabrikationseinstellung, Materialmangel etc. oder rechtlicher Unm\u00f6glichkeit. Kein Vorfall h\u00f6herer Gewalt entbindet den Besteller von seinen Zahlungsverpflichtungen. Der \u00dcbergang von Nutzen und Gefahr auf den Besteller erfolgt zum Zeitpunkt der \u00dcbernahme durch den Besteller oder zum Zeitpunkt der \u00dcbergabe der Lieferung an einen Frachtf\u00fchrer oder Spediteur. Bei Annahme- oder Zahlungsverzug des Bestellers geht das Untergangs- oder Besch\u00e4digungsrisiko der Waren unmittelbar auf den Besteller \u00fcber. Von diesem Zeitpunkt an wird die Lieferung auf Gefahr des Bestellers gelagert. Eine entsprechende Versicherung ist in Verantwortung des Bestellers.<\/p><p><strong>14. \u00c4nderungen<\/strong><\/p><p><br \/>HELIOS beh\u00e4lt sich vor, die Allgemeinen Gesch\u00e4ftsbedingungen jederzeit und ohne Vorank\u00fcndigung zu \u00e4ndern.<\/p><p><strong>15. Verbindlicher Originaltext<\/strong><\/p><p><br \/>Falls sich zwischen den deutschen und allenfalls in anderen Sprachen abgefassten Allgemeinen Gesch\u00e4ftsbedingungen Differenzen ergeben sollten, gilt der deutsche Originaltext.<\/p><p><strong>16. Erf\u00fcllungsort<\/strong><\/p><p><br \/>Erf\u00fcllungsort f\u00fcr Lieferungen\/Leistungen ist der Sitz von Helios Performance GmbH (Dreistetten, Austria)<\/p><p><strong>17. Gerichtsstand, anwendbares Recht<\/strong><\/p><p>F\u00fcr die Beurteilung aller Streitigkeiten sind die ordentlichen Gerichte in Wien, \u00d6sterreich zust\u00e4ndig. HELIOS ist jedoch berechtigt, am Gerichtsstand des Bestellers Klage einzureichen. Alle Gesch\u00e4ftsbeziehungen zwischen HELIOS und dem Besteller unterliegen ausschlie\u00dflich \u00f6sterreichischem Recht.<\/p><p>Die Uniform Sales Convention (United Nations Convention on Contracts for the International Sale of Goods, CISG) ist ausgeschlossen.<\/p><p>Dreistetten, Januar 2026<\/p>\t\t\t\t\t\t\t\t<\/div>\n\t\t\t\t\t<\/div>\n\t\t\t\t<\/div>\n\t\t\t\t<\/div>\n\t\t","protected":false},"excerpt":{"rendered":"<p>Allgemeine Gesch\u00e4ftsbedingungen (AGB) der Helios Performance GmbH Allgemeine Gesch\u00e4ftsbedingungen (AGB) der Helios Performance GmbH Allgemeines Angebot, Bestellung, Auftragsbest\u00e4tigung Produkte\/Masse\/Qualit\u00e4t Preise Lieferbedingungen Lieferfrist Gew\u00e4hrleistungs- und Garantievoraussetzungen Schadenersatzanspr\u00fcche Produkthaftpflicht Eigentumsvorbehalt Zahlungsmodalit\u00e4ten Immaterialg\u00fcter H\u00f6here Gewalt, Nutzen und Gefahr \u00c4nderungen Verbindlicher Originaltext Erf\u00fcllungsort Gerichtsstand, anwendbares Recht 1. Allgemeines Die nachstehenden Allgemeinen Gesch\u00e4ftsbedingungen (AGB) gelten f\u00fcr alle Gesch\u00e4ftsbeziehungen mit der &hellip; <\/p>\n<p class=\"link-more\"><a href=\"https:\/\/www.helios-performance.com\/?page_id=6862\" class=\"more-link\">Mehr <span class=\"screen-reader-text\">\u00fcber &#8222;AGB&#8220; <\/span>Lesen<\/a><\/p>\n","protected":false},"author":1,"featured_media":0,"parent":0,"menu_order":0,"comment_status":"closed","ping_status":"closed","template":"","meta":{"footnotes":""},"class_list":["post-6862","page","type-page","status-publish","hentry"],"featured_media_urls":[],"_links":{"self":[{"href":"https:\/\/www.helios-performance.com\/index.php?rest_route=\/wp\/v2\/pages\/6862","targetHints":{"allow":["GET"]}}],"collection":[{"href":"https:\/\/www.helios-performance.com\/index.php?rest_route=\/wp\/v2\/pages"}],"about":[{"href":"https:\/\/www.helios-performance.com\/index.php?rest_route=\/wp\/v2\/types\/page"}],"author":[{"embeddable":true,"href":"https:\/\/www.helios-performance.com\/index.php?rest_route=\/wp\/v2\/users\/1"}],"replies":[{"embeddable":true,"href":"https:\/\/www.helios-performance.com\/index.php?rest_route=%2Fwp%2Fv2%2Fcomments&post=6862"}],"version-history":[{"count":4,"href":"https:\/\/www.helios-performance.com\/index.php?rest_route=\/wp\/v2\/pages\/6862\/revisions"}],"predecessor-version":[{"id":6866,"href":"https:\/\/www.helios-performance.com\/index.php?rest_route=\/wp\/v2\/pages\/6862\/revisions\/6866"}],"wp:attachment":[{"href":"https:\/\/www.helios-performance.com\/index.php?rest_route=%2Fwp%2Fv2%2Fmedia&parent=6862"}],"curies":[{"name":"wp","href":"https:\/\/api.w.org\/{rel}","templated":true}]}}