{"id":6855,"date":"2026-01-27T15:29:02","date_gmt":"2026-01-27T14:29:02","guid":{"rendered":"https:\/\/www.helios-performance.com\/?page_id=6855"},"modified":"2026-01-27T15:42:21","modified_gmt":"2026-01-27T14:42:21","slug":"elementor-6855","status":"publish","type":"page","link":"https:\/\/www.helios-performance.com\/?page_id=6855","title":{"rendered":"Impressum"},"content":{"rendered":"\t\t<div data-elementor-type=\"wp-page\" data-elementor-id=\"6855\" class=\"elementor elementor-6855\">\n\t\t\t\t<div class=\"elementor-element elementor-element-b20e9bc e-flex e-con-boxed e-con e-parent\" data-id=\"b20e9bc\" data-element_type=\"container\">\n\t\t\t\t\t<div class=\"e-con-inner\">\n\t\t<div class=\"elementor-element elementor-element-3cfc11e e-con-full e-flex e-con e-child\" data-id=\"3cfc11e\" data-element_type=\"container\">\n\t\t\t\t<div class=\"elementor-element elementor-element-8e5ea6c elementor-widget elementor-widget-heading\" data-id=\"8e5ea6c\" data-element_type=\"widget\" data-widget_type=\"heading.default\">\n\t\t\t\t\t<h2 class=\"elementor-heading-title elementor-size-default\">Helios Performance GmbH<\/h2>\t\t\t\t<\/div>\n\t\t\t\t<div class=\"elementor-element elementor-element-627492c elementor-widget elementor-widget-text-editor\" data-id=\"627492c\" data-element_type=\"widget\" data-widget_type=\"text-editor.default\">\n\t\t\t\t\t\t\t\t\t<p>Biberkogelgasse 309<\/p><p>A-2753 Markt Piesting<\/p><p>Tel:<a href=\"tel:00436643480092\">+43 664 348 00 92<\/a><\/p><p>Mail:\u00a0<a href=\"mailto:posch@helios-performance.com\">posch@helios-performance.com<\/a><\/p><p>Gesch\u00e4ftsf\u00fchrer: Johannes David Posch<\/p>\t\t\t\t\t\t\t\t<\/div>\n\t\t\t\t<\/div>\n\t\t<div class=\"elementor-element elementor-element-a3b277b e-con-full e-flex e-con e-child\" data-id=\"a3b277b\" data-element_type=\"container\">\n\t\t\t\t<div class=\"elementor-element elementor-element-aaf5dcb elementor-widget elementor-widget-text-editor\" data-id=\"aaf5dcb\" data-element_type=\"widget\" data-widget_type=\"text-editor.default\">\n\t\t\t\t\t\t\t\t\t<p>FN Nummer: 667325 k<\/p><p>UID-Nummer: ATU82765517<\/p><p>Handelsgerricht: Bezirksgericht Wiener Neustadt<\/p><p>Gesch\u00e4ftsf\u00fchrer: Johannes David Posch<\/p><p>Mitglied: WKO<\/p><p>Unternehmenszweck: Handelsgewerbe mit Ausnahme der reglementierten Handelsgewerbe, Vermittlung von Werks- und Dienstleistungsvertr\u00e4gen an Befugte unter Ausschluss der \u00dcbernahme von Auftr\u00e4gen im eigenen Namen und auf eigene Rechnung sowie ausgenommen der den Arbeitsvermittler, Immobilientreuh\u00e4ndern, Reiseb\u00fcros, Transportagenten, Spediteuren, Verm\u00f6gensberatern, Versicherungsvermittlern und Wertpapiervermittlern vorbehaltenen T\u00e4tigkeiten<\/p>\t\t\t\t\t\t\t\t<\/div>\n\t\t\t\t<\/div>\n\t\t\t\t\t<\/div>\n\t\t\t\t<\/div>\n\t\t\t\t<\/div>\n\t\t","protected":false},"excerpt":{"rendered":"<p>Helios Performance GmbH Biberkogelgasse 309 A-2753 Markt Piesting Tel:+43 664 348 00 92 Mail:\u00a0posch@helios-performance.com Gesch\u00e4ftsf\u00fchrer: Johannes David Posch FN Nummer: 667325 k UID-Nummer: ATU82765517 Handelsgerricht: Bezirksgericht Wiener Neustadt Gesch\u00e4ftsf\u00fchrer: Johannes David Posch Mitglied: WKO Unternehmenszweck: Handelsgewerbe mit Ausnahme der reglementierten Handelsgewerbe, Vermittlung von Werks- und Dienstleistungsvertr\u00e4gen an Befugte unter Ausschluss der \u00dcbernahme von Auftr\u00e4gen im &hellip; <\/p>\n<p class=\"link-more\"><a href=\"https:\/\/www.helios-performance.com\/?page_id=6855\" class=\"more-link\">Mehr <span class=\"screen-reader-text\">\u00fcber &#8222;Impressum&#8220; <\/span>Lesen<\/a><\/p>\n","protected":false},"author":1,"featured_media":0,"parent":0,"menu_order":0,"comment_status":"closed","ping_status":"closed","template":"","meta":{"footnotes":""},"class_list":["post-6855","page","type-page","status-publish","hentry"],"featured_media_urls":[],"_links":{"self":[{"href":"https:\/\/www.helios-performance.com\/index.php?rest_route=\/wp\/v2\/pages\/6855","targetHints":{"allow":["GET"]}}],"collection":[{"href":"https:\/\/www.helios-performance.com\/index.php?rest_route=\/wp\/v2\/pages"}],"about":[{"href":"https:\/\/www.helios-performance.com\/index.php?rest_route=\/wp\/v2\/types\/page"}],"author":[{"embeddable":true,"href":"https:\/\/www.helios-performance.com\/index.php?rest_route=\/wp\/v2\/users\/1"}],"replies":[{"embeddable":true,"href":"https:\/\/www.helios-performance.com\/index.php?rest_route=%2Fwp%2Fv2%2Fcomments&post=6855"}],"version-history":[{"count":5,"href":"https:\/\/www.helios-performance.com\/index.php?rest_route=\/wp\/v2\/pages\/6855\/revisions"}],"predecessor-version":[{"id":6860,"href":"https:\/\/www.helios-performance.com\/index.php?rest_route=\/wp\/v2\/pages\/6855\/revisions\/6860"}],"wp:attachment":[{"href":"https:\/\/www.helios-performance.com\/index.php?rest_route=%2Fwp%2Fv2%2Fmedia&parent=6855"}],"curies":[{"name":"wp","href":"https:\/\/api.w.org\/{rel}","templated":true}]}}